{"id":48,"date":"2025-10-28T14:14:50","date_gmt":"2025-10-28T13:14:50","guid":{"rendered":"https:\/\/fore-community-manager-13.com\/index.php\/front_page\/"},"modified":"2025-10-29T20:40:02","modified_gmt":"2025-10-29T19:40:02","slug":"cocon-daure-soins-spa-rituels-energetiques","status":"publish","type":"page","link":"https:\/\/fore-community-manager-13.com\/","title":{"rendered":"Home"},"content":{"rendered":"\n\n\n\n\n\n\n\n\n\n\n\n\n\n\n\n\n\n\n\n\n\n\n\n\n<p class=\"has-kubio-color-1-color has-text-color has-link-color wp-elements-2b9ad1f92288d5395aa2f1045e3c93a7\"><em>Interagissez avec nous, posez vos questions ou r\u00e9servez directement votre soin via nos r\u00e9seaux.<\/em><\/p>\n\n\n\n\n\n\n","protected":false},"excerpt":{"rendered":"<p>Interagissez avec nous, posez vos questions ou r\u00e9servez directement votre soin via nos r\u00e9seaux.<\/p>\n","protected":false},"author":1,"featured_media":0,"parent":0,"menu_order":0,"comment_status":"closed","ping_status":"closed","template":"","meta":{"saved_in_kubio":true,"footnotes":""},"class_list":["post-48","page","type-page","status-publish","hentry"],"kubio_ai_page_context":{"short_desc":"","purpose":"general","isFrontPage":true},"yoast_head":"<!-- This site is optimized with the Yoast SEO plugin v26.2 - https:\/\/yoast.com\/wordpress\/plugins\/seo\/ -->\n<title>Le Cocon d&#039;Aur\u00e9 - Soins spa et rituels \u00e9nerg\u00e9tiques en Martinique<\/title>\n<meta name=\"description\" content=\"D\u00e9couvrez Le Cocon d\u2019Aur\u00e9 en Guadeloupe : massages, soins spa et rituels \u00e9nerg\u00e9tiques pour retrouver d\u00e9tente, \u00e9nergie et bien-\u00eatre.\" \/>\n<meta name=\"robots\" content=\"index, follow, max-snippet:-1, max-image-preview:large, max-video-preview:-1\" \/>\n<link rel=\"canonical\" href=\"https:\/\/fore-community-manager-13.com\/\" \/>\n<meta property=\"og:locale\" content=\"fr_FR\" \/>\n<meta property=\"og:type\" content=\"article\" \/>\n<meta property=\"og:title\" content=\"Le Cocon d&#039;Aur\u00e9 - Soins spa et rituels \u00e9nerg\u00e9tiques en Martinique\" \/>\n<meta property=\"og:description\" content=\"D\u00e9couvrez Le Cocon d\u2019Aur\u00e9 en Guadeloupe : massages, soins spa et rituels \u00e9nerg\u00e9tiques pour retrouver d\u00e9tente, \u00e9nergie et bien-\u00eatre.\" \/>\n<meta property=\"og:url\" content=\"https:\/\/fore-community-manager-13.com\/\" \/>\n<meta property=\"og:site_name\" content=\"Le Cocon D&#039;Aur\u00e9\" \/>\n<meta property=\"article:modified_time\" content=\"2025-10-29T19:40:02+00:00\" \/>\n<meta property=\"og:image\" content=\"https:\/\/fore-community-manager-13.com\/wp-content\/uploads\/2025\/10\/sign_16167184.png\" \/>\n<meta name=\"twitter:card\" content=\"summary_large_image\" \/>\n<script type=\"application\/ld+json\" class=\"yoast-schema-graph\">{\"@context\":\"https:\/\/schema.org\",\"@graph\":[{\"@type\":\"WebPage\",\"@id\":\"https:\/\/fore-community-manager-13.com\/\",\"url\":\"https:\/\/fore-community-manager-13.com\/\",\"name\":\"Le Cocon d'Aur\u00e9 - Soins spa et rituels \u00e9nerg\u00e9tiques en Martinique\",\"isPartOf\":{\"@id\":\"https:\/\/fore-community-manager-13.com\/#website\"},\"primaryImageOfPage\":{\"@id\":\"https:\/\/fore-community-manager-13.com\/#primaryimage\"},\"image\":{\"@id\":\"https:\/\/fore-community-manager-13.com\/#primaryimage\"},\"thumbnailUrl\":\"https:\/\/fore-community-manager-13.com\/wp-content\/uploads\/2025\/10\/sign_16167184.png\",\"datePublished\":\"2025-10-28T13:14:50+00:00\",\"dateModified\":\"2025-10-29T19:40:02+00:00\",\"description\":\"D\u00e9couvrez Le Cocon d\u2019Aur\u00e9 en Guadeloupe : massages, soins spa et rituels \u00e9nerg\u00e9tiques pour retrouver d\u00e9tente, \u00e9nergie et bien-\u00eatre.\",\"breadcrumb\":{\"@id\":\"https:\/\/fore-community-manager-13.com\/#breadcrumb\"},\"inLanguage\":\"fr-FR\",\"potentialAction\":[{\"@type\":\"ReadAction\",\"target\":[\"https:\/\/fore-community-manager-13.com\/\"]}]},{\"@type\":\"ImageObject\",\"inLanguage\":\"fr-FR\",\"@id\":\"https:\/\/fore-community-manager-13.com\/#primaryimage\",\"url\":\"https:\/\/fore-community-manager-13.com\/wp-content\/uploads\/2025\/10\/sign_16167184.png\",\"contentUrl\":\"https:\/\/fore-community-manager-13.com\/wp-content\/uploads\/2025\/10\/sign_16167184.png\"},{\"@type\":\"BreadcrumbList\",\"@id\":\"https:\/\/fore-community-manager-13.com\/#breadcrumb\",\"itemListElement\":[{\"@type\":\"ListItem\",\"position\":1,\"name\":\"Accueil\",\"item\":\"https:\/\/fore-community-manager-13.com\/\"},{\"@type\":\"ListItem\",\"position\":2,\"name\":\"Home\"}]},{\"@type\":\"WebSite\",\"@id\":\"https:\/\/fore-community-manager-13.com\/#website\",\"url\":\"https:\/\/fore-community-manager-13.com\/\",\"name\":\"Le Cocon D'Aur\u00e9\",\"description\":\"Un site utilisant WordPress\",\"publisher\":{\"@id\":\"https:\/\/fore-community-manager-13.com\/#organization\"},\"potentialAction\":[{\"@type\":\"SearchAction\",\"target\":{\"@type\":\"EntryPoint\",\"urlTemplate\":\"https:\/\/fore-community-manager-13.com\/?s={search_term_string}\"},\"query-input\":{\"@type\":\"PropertyValueSpecification\",\"valueRequired\":true,\"valueName\":\"search_term_string\"}}],\"inLanguage\":\"fr-FR\"},{\"@type\":\"Organization\",\"@id\":\"https:\/\/fore-community-manager-13.com\/#organization\",\"name\":\"Le Cocon D'Aur\u00e9\",\"url\":\"https:\/\/fore-community-manager-13.com\/\",\"logo\":{\"@type\":\"ImageObject\",\"inLanguage\":\"fr-FR\",\"@id\":\"https:\/\/fore-community-manager-13.com\/#\/schema\/logo\/image\/\",\"url\":\"http:\/\/fore-community-manager-13.com\/wp-content\/uploads\/2025\/10\/logo-cocon-daure.png\",\"contentUrl\":\"http:\/\/fore-community-manager-13.com\/wp-content\/uploads\/2025\/10\/logo-cocon-daure.png\",\"width\":291,\"height\":291,\"caption\":\"Le Cocon D'Aur\u00e9\"},\"image\":{\"@id\":\"https:\/\/fore-community-manager-13.com\/#\/schema\/logo\/image\/\"},\"sameAs\":[\"https:\/\/www.instagram.com\/cocon.daure\/\"]}]}<\/script>\n<!-- \/ Yoast SEO plugin. -->","yoast_head_json":{"title":"Le Cocon d'Aur\u00e9 - Soins spa et rituels \u00e9nerg\u00e9tiques en Martinique","description":"D\u00e9couvrez Le Cocon d\u2019Aur\u00e9 en Guadeloupe : massages, soins spa et rituels \u00e9nerg\u00e9tiques pour retrouver d\u00e9tente, \u00e9nergie et bien-\u00eatre.","robots":{"index":"index","follow":"follow","max-snippet":"max-snippet:-1","max-image-preview":"max-image-preview:large","max-video-preview":"max-video-preview:-1"},"canonical":"https:\/\/fore-community-manager-13.com\/","og_locale":"fr_FR","og_type":"article","og_title":"Le Cocon d'Aur\u00e9 - Soins spa et rituels \u00e9nerg\u00e9tiques en Martinique","og_description":"D\u00e9couvrez Le Cocon d\u2019Aur\u00e9 en Guadeloupe : massages, soins spa et rituels \u00e9nerg\u00e9tiques pour retrouver d\u00e9tente, \u00e9nergie et bien-\u00eatre.","og_url":"https:\/\/fore-community-manager-13.com\/","og_site_name":"Le Cocon D&#039;Aur\u00e9","article_modified_time":"2025-10-29T19:40:02+00:00","og_image":[{"url":"https:\/\/fore-community-manager-13.com\/wp-content\/uploads\/2025\/10\/sign_16167184.png","type":"","width":"","height":""}],"twitter_card":"summary_large_image","schema":{"@context":"https:\/\/schema.org","@graph":[{"@type":"WebPage","@id":"https:\/\/fore-community-manager-13.com\/","url":"https:\/\/fore-community-manager-13.com\/","name":"Le Cocon d'Aur\u00e9 - Soins spa et rituels \u00e9nerg\u00e9tiques en Martinique","isPartOf":{"@id":"https:\/\/fore-community-manager-13.com\/#website"},"primaryImageOfPage":{"@id":"https:\/\/fore-community-manager-13.com\/#primaryimage"},"image":{"@id":"https:\/\/fore-community-manager-13.com\/#primaryimage"},"thumbnailUrl":"https:\/\/fore-community-manager-13.com\/wp-content\/uploads\/2025\/10\/sign_16167184.png","datePublished":"2025-10-28T13:14:50+00:00","dateModified":"2025-10-29T19:40:02+00:00","description":"D\u00e9couvrez Le Cocon d\u2019Aur\u00e9 en Guadeloupe : massages, soins spa et rituels \u00e9nerg\u00e9tiques pour retrouver d\u00e9tente, \u00e9nergie et bien-\u00eatre.","breadcrumb":{"@id":"https:\/\/fore-community-manager-13.com\/#breadcrumb"},"inLanguage":"fr-FR","potentialAction":[{"@type":"ReadAction","target":["https:\/\/fore-community-manager-13.com\/"]}]},{"@type":"ImageObject","inLanguage":"fr-FR","@id":"https:\/\/fore-community-manager-13.com\/#primaryimage","url":"https:\/\/fore-community-manager-13.com\/wp-content\/uploads\/2025\/10\/sign_16167184.png","contentUrl":"https:\/\/fore-community-manager-13.com\/wp-content\/uploads\/2025\/10\/sign_16167184.png"},{"@type":"BreadcrumbList","@id":"https:\/\/fore-community-manager-13.com\/#breadcrumb","itemListElement":[{"@type":"ListItem","position":1,"name":"Accueil","item":"https:\/\/fore-community-manager-13.com\/"},{"@type":"ListItem","position":2,"name":"Home"}]},{"@type":"WebSite","@id":"https:\/\/fore-community-manager-13.com\/#website","url":"https:\/\/fore-community-manager-13.com\/","name":"Le Cocon D'Aur\u00e9","description":"Un site utilisant WordPress","publisher":{"@id":"https:\/\/fore-community-manager-13.com\/#organization"},"potentialAction":[{"@type":"SearchAction","target":{"@type":"EntryPoint","urlTemplate":"https:\/\/fore-community-manager-13.com\/?s={search_term_string}"},"query-input":{"@type":"PropertyValueSpecification","valueRequired":true,"valueName":"search_term_string"}}],"inLanguage":"fr-FR"},{"@type":"Organization","@id":"https:\/\/fore-community-manager-13.com\/#organization","name":"Le Cocon D'Aur\u00e9","url":"https:\/\/fore-community-manager-13.com\/","logo":{"@type":"ImageObject","inLanguage":"fr-FR","@id":"https:\/\/fore-community-manager-13.com\/#\/schema\/logo\/image\/","url":"http:\/\/fore-community-manager-13.com\/wp-content\/uploads\/2025\/10\/logo-cocon-daure.png","contentUrl":"http:\/\/fore-community-manager-13.com\/wp-content\/uploads\/2025\/10\/logo-cocon-daure.png","width":291,"height":291,"caption":"Le Cocon D'Aur\u00e9"},"image":{"@id":"https:\/\/fore-community-manager-13.com\/#\/schema\/logo\/image\/"},"sameAs":["https:\/\/www.instagram.com\/cocon.daure\/"]}]}},"_links":{"self":[{"href":"https:\/\/fore-community-manager-13.com\/index.php\/wp-json\/wp\/v2\/pages\/48","targetHints":{"allow":["GET"]}}],"collection":[{"href":"https:\/\/fore-community-manager-13.com\/index.php\/wp-json\/wp\/v2\/pages"}],"about":[{"href":"https:\/\/fore-community-manager-13.com\/index.php\/wp-json\/wp\/v2\/types\/page"}],"author":[{"embeddable":true,"href":"https:\/\/fore-community-manager-13.com\/index.php\/wp-json\/wp\/v2\/users\/1"}],"replies":[{"embeddable":true,"href":"https:\/\/fore-community-manager-13.com\/index.php\/wp-json\/wp\/v2\/comments?post=48"}],"version-history":[{"count":29,"href":"https:\/\/fore-community-manager-13.com\/index.php\/wp-json\/wp\/v2\/pages\/48\/revisions"}],"predecessor-version":[{"id":338,"href":"https:\/\/fore-community-manager-13.com\/index.php\/wp-json\/wp\/v2\/pages\/48\/revisions\/338"}],"wp:attachment":[{"href":"https:\/\/fore-community-manager-13.com\/index.php\/wp-json\/wp\/v2\/media?parent=48"}],"curies":[{"name":"wp","href":"https:\/\/api.w.org\/{rel}","templated":true}]}}