{"id":72,"date":"2025-10-28T14:17:00","date_gmt":"2025-10-28T13:17:00","guid":{"rendered":"https:\/\/fore-community-manager-13.com\/index.php\/about\/"},"modified":"2025-10-30T19:03:10","modified_gmt":"2025-10-30T18:03:10","slug":"a-propos-spa-bien-etre-guadeloupe","status":"publish","type":"page","link":"https:\/\/fore-community-manager-13.com\/index.php\/a-propos-spa-bien-etre-guadeloupe\/","title":{"rendered":"About"},"content":{"rendered":"\n\n\n\n\n\n\n\n\n\n\n\n\n\n\n\n\n\n\n\n\n\n\n\n\n\n\n\n\n<p><\/p>\n\n\n\n\n\n\n\n\n\n\n\n\n\n\n\n\n","protected":false},"excerpt":{"rendered":"","protected":false},"author":1,"featured_media":0,"parent":0,"menu_order":0,"comment_status":"closed","ping_status":"closed","template":"full-width","meta":{"saved_in_kubio":true,"footnotes":""},"class_list":["post-72","page","type-page","status-publish","hentry"],"kubio_ai_page_context":{"short_desc":"","purpose":"general"},"yoast_head":"<!-- This site is optimized with the Yoast SEO plugin v26.2 - https:\/\/yoast.com\/wordpress\/plugins\/seo\/ -->\n<title>Le Cocon d&#039;Aur\u00e9 | Spa et rituels bien-etre en Guadeloupe<\/title>\n<meta name=\"description\" content=\"Le Cocon d\u2019Aur\u00e9 en Guadeloupe : un spa proposant des soins , des rituels \u00e9nerg\u00e9tiques et des moments de d\u00e9tente inoubliables.\" \/>\n<meta name=\"robots\" content=\"index, follow, max-snippet:-1, max-image-preview:large, max-video-preview:-1\" \/>\n<link rel=\"canonical\" href=\"https:\/\/fore-community-manager-13.com\/index.php\/a-propos-spa-bien-etre-guadeloupe\/\" \/>\n<meta property=\"og:locale\" content=\"fr_FR\" \/>\n<meta property=\"og:type\" content=\"article\" \/>\n<meta property=\"og:title\" content=\"Le Cocon d&#039;Aur\u00e9 | Spa et rituels bien-etre en Guadeloupe\" \/>\n<meta property=\"og:description\" content=\"Le Cocon d\u2019Aur\u00e9 en Guadeloupe : un spa proposant des soins , des rituels \u00e9nerg\u00e9tiques et des moments de d\u00e9tente inoubliables.\" \/>\n<meta property=\"og:url\" content=\"https:\/\/fore-community-manager-13.com\/index.php\/a-propos-spa-bien-etre-guadeloupe\/\" \/>\n<meta property=\"og:site_name\" content=\"Le Cocon D&#039;Aur\u00e9\" \/>\n<meta property=\"article:modified_time\" content=\"2025-10-30T18:03:10+00:00\" \/>\n<meta name=\"twitter:card\" content=\"summary_large_image\" \/>\n<script type=\"application\/ld+json\" class=\"yoast-schema-graph\">{\"@context\":\"https:\/\/schema.org\",\"@graph\":[{\"@type\":\"WebPage\",\"@id\":\"https:\/\/fore-community-manager-13.com\/index.php\/a-propos-spa-bien-etre-guadeloupe\/\",\"url\":\"https:\/\/fore-community-manager-13.com\/index.php\/a-propos-spa-bien-etre-guadeloupe\/\",\"name\":\"Le Cocon d'Aur\u00e9 | Spa et rituels bien-etre en Guadeloupe\",\"isPartOf\":{\"@id\":\"https:\/\/fore-community-manager-13.com\/#website\"},\"datePublished\":\"2025-10-28T13:17:00+00:00\",\"dateModified\":\"2025-10-30T18:03:10+00:00\",\"description\":\"Le Cocon d\u2019Aur\u00e9 en Guadeloupe : un spa proposant des soins , des rituels \u00e9nerg\u00e9tiques et des moments de d\u00e9tente inoubliables.\",\"breadcrumb\":{\"@id\":\"https:\/\/fore-community-manager-13.com\/index.php\/a-propos-spa-bien-etre-guadeloupe\/#breadcrumb\"},\"inLanguage\":\"fr-FR\",\"potentialAction\":[{\"@type\":\"ReadAction\",\"target\":[\"https:\/\/fore-community-manager-13.com\/index.php\/a-propos-spa-bien-etre-guadeloupe\/\"]}]},{\"@type\":\"BreadcrumbList\",\"@id\":\"https:\/\/fore-community-manager-13.com\/index.php\/a-propos-spa-bien-etre-guadeloupe\/#breadcrumb\",\"itemListElement\":[{\"@type\":\"ListItem\",\"position\":1,\"name\":\"Accueil\",\"item\":\"https:\/\/fore-community-manager-13.com\/\"},{\"@type\":\"ListItem\",\"position\":2,\"name\":\"About\"}]},{\"@type\":\"WebSite\",\"@id\":\"https:\/\/fore-community-manager-13.com\/#website\",\"url\":\"https:\/\/fore-community-manager-13.com\/\",\"name\":\"Le Cocon D'Aur\u00e9\",\"description\":\"Un site utilisant WordPress\",\"publisher\":{\"@id\":\"https:\/\/fore-community-manager-13.com\/#organization\"},\"potentialAction\":[{\"@type\":\"SearchAction\",\"target\":{\"@type\":\"EntryPoint\",\"urlTemplate\":\"https:\/\/fore-community-manager-13.com\/?s={search_term_string}\"},\"query-input\":{\"@type\":\"PropertyValueSpecification\",\"valueRequired\":true,\"valueName\":\"search_term_string\"}}],\"inLanguage\":\"fr-FR\"},{\"@type\":\"Organization\",\"@id\":\"https:\/\/fore-community-manager-13.com\/#organization\",\"name\":\"Le Cocon D'Aur\u00e9\",\"url\":\"https:\/\/fore-community-manager-13.com\/\",\"logo\":{\"@type\":\"ImageObject\",\"inLanguage\":\"fr-FR\",\"@id\":\"https:\/\/fore-community-manager-13.com\/#\/schema\/logo\/image\/\",\"url\":\"http:\/\/fore-community-manager-13.com\/wp-content\/uploads\/2025\/10\/logo-cocon-daure.png\",\"contentUrl\":\"http:\/\/fore-community-manager-13.com\/wp-content\/uploads\/2025\/10\/logo-cocon-daure.png\",\"width\":291,\"height\":291,\"caption\":\"Le Cocon D'Aur\u00e9\"},\"image\":{\"@id\":\"https:\/\/fore-community-manager-13.com\/#\/schema\/logo\/image\/\"},\"sameAs\":[\"https:\/\/www.instagram.com\/cocon.daure\/\"]}]}<\/script>\n<!-- \/ Yoast SEO plugin. -->","yoast_head_json":{"title":"Le Cocon d'Aur\u00e9 | Spa et rituels bien-etre en Guadeloupe","description":"Le Cocon d\u2019Aur\u00e9 en Guadeloupe : un spa proposant des soins , des rituels \u00e9nerg\u00e9tiques et des moments de d\u00e9tente inoubliables.","robots":{"index":"index","follow":"follow","max-snippet":"max-snippet:-1","max-image-preview":"max-image-preview:large","max-video-preview":"max-video-preview:-1"},"canonical":"https:\/\/fore-community-manager-13.com\/index.php\/a-propos-spa-bien-etre-guadeloupe\/","og_locale":"fr_FR","og_type":"article","og_title":"Le Cocon d'Aur\u00e9 | Spa et rituels bien-etre en Guadeloupe","og_description":"Le Cocon d\u2019Aur\u00e9 en Guadeloupe : un spa proposant des soins , des rituels \u00e9nerg\u00e9tiques et des moments de d\u00e9tente inoubliables.","og_url":"https:\/\/fore-community-manager-13.com\/index.php\/a-propos-spa-bien-etre-guadeloupe\/","og_site_name":"Le Cocon D&#039;Aur\u00e9","article_modified_time":"2025-10-30T18:03:10+00:00","twitter_card":"summary_large_image","schema":{"@context":"https:\/\/schema.org","@graph":[{"@type":"WebPage","@id":"https:\/\/fore-community-manager-13.com\/index.php\/a-propos-spa-bien-etre-guadeloupe\/","url":"https:\/\/fore-community-manager-13.com\/index.php\/a-propos-spa-bien-etre-guadeloupe\/","name":"Le Cocon d'Aur\u00e9 | Spa et rituels bien-etre en Guadeloupe","isPartOf":{"@id":"https:\/\/fore-community-manager-13.com\/#website"},"datePublished":"2025-10-28T13:17:00+00:00","dateModified":"2025-10-30T18:03:10+00:00","description":"Le Cocon d\u2019Aur\u00e9 en Guadeloupe : un spa proposant des soins , des rituels \u00e9nerg\u00e9tiques et des moments de d\u00e9tente inoubliables.","breadcrumb":{"@id":"https:\/\/fore-community-manager-13.com\/index.php\/a-propos-spa-bien-etre-guadeloupe\/#breadcrumb"},"inLanguage":"fr-FR","potentialAction":[{"@type":"ReadAction","target":["https:\/\/fore-community-manager-13.com\/index.php\/a-propos-spa-bien-etre-guadeloupe\/"]}]},{"@type":"BreadcrumbList","@id":"https:\/\/fore-community-manager-13.com\/index.php\/a-propos-spa-bien-etre-guadeloupe\/#breadcrumb","itemListElement":[{"@type":"ListItem","position":1,"name":"Accueil","item":"https:\/\/fore-community-manager-13.com\/"},{"@type":"ListItem","position":2,"name":"About"}]},{"@type":"WebSite","@id":"https:\/\/fore-community-manager-13.com\/#website","url":"https:\/\/fore-community-manager-13.com\/","name":"Le Cocon D'Aur\u00e9","description":"Un site utilisant WordPress","publisher":{"@id":"https:\/\/fore-community-manager-13.com\/#organization"},"potentialAction":[{"@type":"SearchAction","target":{"@type":"EntryPoint","urlTemplate":"https:\/\/fore-community-manager-13.com\/?s={search_term_string}"},"query-input":{"@type":"PropertyValueSpecification","valueRequired":true,"valueName":"search_term_string"}}],"inLanguage":"fr-FR"},{"@type":"Organization","@id":"https:\/\/fore-community-manager-13.com\/#organization","name":"Le Cocon D'Aur\u00e9","url":"https:\/\/fore-community-manager-13.com\/","logo":{"@type":"ImageObject","inLanguage":"fr-FR","@id":"https:\/\/fore-community-manager-13.com\/#\/schema\/logo\/image\/","url":"http:\/\/fore-community-manager-13.com\/wp-content\/uploads\/2025\/10\/logo-cocon-daure.png","contentUrl":"http:\/\/fore-community-manager-13.com\/wp-content\/uploads\/2025\/10\/logo-cocon-daure.png","width":291,"height":291,"caption":"Le Cocon D'Aur\u00e9"},"image":{"@id":"https:\/\/fore-community-manager-13.com\/#\/schema\/logo\/image\/"},"sameAs":["https:\/\/www.instagram.com\/cocon.daure\/"]}]}},"_links":{"self":[{"href":"https:\/\/fore-community-manager-13.com\/index.php\/wp-json\/wp\/v2\/pages\/72","targetHints":{"allow":["GET"]}}],"collection":[{"href":"https:\/\/fore-community-manager-13.com\/index.php\/wp-json\/wp\/v2\/pages"}],"about":[{"href":"https:\/\/fore-community-manager-13.com\/index.php\/wp-json\/wp\/v2\/types\/page"}],"author":[{"embeddable":true,"href":"https:\/\/fore-community-manager-13.com\/index.php\/wp-json\/wp\/v2\/users\/1"}],"replies":[{"embeddable":true,"href":"https:\/\/fore-community-manager-13.com\/index.php\/wp-json\/wp\/v2\/comments?post=72"}],"version-history":[{"count":17,"href":"https:\/\/fore-community-manager-13.com\/index.php\/wp-json\/wp\/v2\/pages\/72\/revisions"}],"predecessor-version":[{"id":406,"href":"https:\/\/fore-community-manager-13.com\/index.php\/wp-json\/wp\/v2\/pages\/72\/revisions\/406"}],"wp:attachment":[{"href":"https:\/\/fore-community-manager-13.com\/index.php\/wp-json\/wp\/v2\/media?parent=72"}],"curies":[{"name":"wp","href":"https:\/\/api.w.org\/{rel}","templated":true}]}}